{"id":995,"date":"2025-05-08T02:57:24","date_gmt":"2025-05-08T02:57:24","guid":{"rendered":"https:\/\/whatsnewfood.shop\/index.php\/producto\/purina-dentalife-198-gr\/"},"modified":"2025-05-08T02:57:24","modified_gmt":"2025-05-08T02:57:24","slug":"purina-dentalife-198-gr","status":"publish","type":"product","link":"https:\/\/whatsnewfood.shop\/index.php\/producto\/purina-dentalife-198-gr\/","title":{"rendered":"Purina Dentalife (198 gr)"},"content":{"rendered":"","protected":false},"excerpt":{"rendered":"<p>Textura porosa masticable que ayuda a limpiar los dientes<br \/>\nElaborado con ma\u00edz y trigo, sin az\u00facares, aromatizantes o colorantes artificiales a\u00f1adidos.<br \/>\nSabor a pollo.<\/p>\n","protected":false},"featured_media":937,"template":"","meta":[],"product_cat":[33],"product_tag":[],"aioseo_notices":[],"_links":{"self":[{"href":"https:\/\/whatsnewfood.shop\/index.php\/wp-json\/wp\/v2\/product\/995"}],"collection":[{"href":"https:\/\/whatsnewfood.shop\/index.php\/wp-json\/wp\/v2\/product"}],"about":[{"href":"https:\/\/whatsnewfood.shop\/index.php\/wp-json\/wp\/v2\/types\/product"}],"wp:featuredmedia":[{"embeddable":true,"href":"https:\/\/whatsnewfood.shop\/index.php\/wp-json\/wp\/v2\/media\/937"}],"wp:attachment":[{"href":"https:\/\/whatsnewfood.shop\/index.php\/wp-json\/wp\/v2\/media?parent=995"}],"wp:term":[{"taxonomy":"product_cat","embeddable":true,"href":"https:\/\/whatsnewfood.shop\/index.php\/wp-json\/wp\/v2\/product_cat?post=995"},{"taxonomy":"product_tag","embeddable":true,"href":"https:\/\/whatsnewfood.shop\/index.php\/wp-json\/wp\/v2\/product_tag?post=995"}],"curies":[{"name":"wp","href":"https:\/\/api.w.org\/{rel}","templated":true}]}}