{"id":993,"date":"2025-05-08T02:57:23","date_gmt":"2025-05-08T02:57:23","guid":{"rendered":"https:\/\/whatsnewfood.shop\/index.php\/producto\/ganador-bites-100-gr\/"},"modified":"2025-05-08T02:57:23","modified_gmt":"2025-05-08T02:57:23","slug":"ganador-bites-100-gr","status":"publish","type":"product","link":"https:\/\/whatsnewfood.shop\/index.php\/producto\/ganador-bites-100-gr\/","title":{"rendered":"Ganador Bites (100 gr)"},"content":{"rendered":"","protected":false},"excerpt":{"rendered":"<p>Alimento balanceado.<br \/>\nAdicionadas con prebi\u00f3ticos y probi\u00f3ticos para una digesti\u00f3n saludable.<\/p>\n","protected":false},"featured_media":916,"template":"","meta":[],"product_cat":[33],"product_tag":[],"aioseo_notices":[],"_links":{"self":[{"href":"https:\/\/whatsnewfood.shop\/index.php\/wp-json\/wp\/v2\/product\/993"}],"collection":[{"href":"https:\/\/whatsnewfood.shop\/index.php\/wp-json\/wp\/v2\/product"}],"about":[{"href":"https:\/\/whatsnewfood.shop\/index.php\/wp-json\/wp\/v2\/types\/product"}],"wp:featuredmedia":[{"embeddable":true,"href":"https:\/\/whatsnewfood.shop\/index.php\/wp-json\/wp\/v2\/media\/916"}],"wp:attachment":[{"href":"https:\/\/whatsnewfood.shop\/index.php\/wp-json\/wp\/v2\/media?parent=993"}],"wp:term":[{"taxonomy":"product_cat","embeddable":true,"href":"https:\/\/whatsnewfood.shop\/index.php\/wp-json\/wp\/v2\/product_cat?post=993"},{"taxonomy":"product_tag","embeddable":true,"href":"https:\/\/whatsnewfood.shop\/index.php\/wp-json\/wp\/v2\/product_tag?post=993"}],"curies":[{"name":"wp","href":"https:\/\/api.w.org\/{rel}","templated":true}]}}