{"id":988,"date":"2025-05-08T02:57:22","date_gmt":"2025-05-08T02:57:22","guid":{"rendered":"https:\/\/whatsnewfood.shop\/index.php\/producto\/pedigree-dentastix-15-gr\/"},"modified":"2025-05-08T02:57:22","modified_gmt":"2025-05-08T02:57:22","slug":"pedigree-dentastix-15-gr","status":"publish","type":"product","link":"https:\/\/whatsnewfood.shop\/index.php\/producto\/pedigree-dentastix-15-gr\/","title":{"rendered":"Pedigree Dentastix (15 gr)"},"content":{"rendered":"","protected":false},"excerpt":{"rendered":"<p>Previene enfermedades en dientes y enc\u00edas gracias a su textura especial e ingredientes activos<br \/>\nReduce hasta en un 80% la formaci\u00f3n de sarro<br \/>\nRespaldados por el Centro de Investigaci\u00f3n Waltham, l\u00edder en cuidado y nutrici\u00f3n de las mascotas<\/p>\n","protected":false},"featured_media":933,"template":"","meta":[],"product_cat":[33],"product_tag":[],"aioseo_notices":[],"_links":{"self":[{"href":"https:\/\/whatsnewfood.shop\/index.php\/wp-json\/wp\/v2\/product\/988"}],"collection":[{"href":"https:\/\/whatsnewfood.shop\/index.php\/wp-json\/wp\/v2\/product"}],"about":[{"href":"https:\/\/whatsnewfood.shop\/index.php\/wp-json\/wp\/v2\/types\/product"}],"wp:featuredmedia":[{"embeddable":true,"href":"https:\/\/whatsnewfood.shop\/index.php\/wp-json\/wp\/v2\/media\/933"}],"wp:attachment":[{"href":"https:\/\/whatsnewfood.shop\/index.php\/wp-json\/wp\/v2\/media?parent=988"}],"wp:term":[{"taxonomy":"product_cat","embeddable":true,"href":"https:\/\/whatsnewfood.shop\/index.php\/wp-json\/wp\/v2\/product_cat?post=988"},{"taxonomy":"product_tag","embeddable":true,"href":"https:\/\/whatsnewfood.shop\/index.php\/wp-json\/wp\/v2\/product_tag?post=988"}],"curies":[{"name":"wp","href":"https:\/\/api.w.org\/{rel}","templated":true}]}}